{"id":329,"date":"2013-11-14T14:15:49","date_gmt":"2013-11-14T13:15:49","guid":{"rendered":"http:\/\/blog.koelsch-ist-kein-bier.de\/?page_id=329"},"modified":"2021-03-25T21:59:53","modified_gmt":"2021-03-25T20:59:53","slug":"ueber-mich","status":"publish","type":"page","link":"https:\/\/blog.koelsch-ist-kein-bier.de\/?page_id=329","title":{"rendered":"\u00dcber mich&#8230;"},"content":{"rendered":"<p><span style=\"line-height: 1.714285714; font-size: 1rem;\">&#8230;gibt&#8217;s nicht viel zu schreiben<\/span><\/p>\n<p><span style=\"line-height: 1.714285714; font-size: 1rem;\">D\u00fcsseldorf, Duisburg, K\u00f6ln, Eishockey, Fu\u00dfball, Sport, Musik, Konzerte, Alt, Bier, Bilder, Museen, &#8230;&#8230;. um all sowas dreht es sich hier.<\/span><\/p>\n<p>Falls jemand mit mir in Kontakt treten m\u00f6chte:<br \/>\n<span style=\"line-height: 1.714285714; font-size: 1rem;\">Bitte p<\/span><span style=\"line-height: 1.714285714; font-size: 1rem;\">er Mail &#8211; siehe unten &#8211;\u00a0<\/span><span style=\"line-height: 1.714285714; font-size: 1rem;\">oder bei\u00a0<\/span><span style=\"line-height: 1.714285714; font-size: 1rem;\">Facebook (nein!) und <\/span><span style=\"line-height: 1.714285714; font-size: 1rem;\">Google+ (haha, das war einmal)<\/span><\/p>\n<p>Hier noch ein par offizielle Dinge:<\/p>\n<p><span style=\"line-height: 1.714285714; font-size: 1rem;\">Da dies eine rein private Webseite ohne jegliche Werbung ist, besteht aus meiner Sicht keine Impressumspflicht. Die Datenschutzerkl\u00e4rung steht auf einer anderen <a href=\"https:\/\/blog.koelsch-ist-kein-bier.de\/?page_id=409\">Seite<\/a>.<\/span><\/p>\n<p>Trotzdem: Angaben gem\u00e4\u00df \u00a7 5 TMG:<br \/>\n<span style=\"line-height: 1.714285714; font-size: 1rem;\">Torsten Siry,\u00a0Duisburg<br \/>\n<\/span><span style=\"line-height: 1.714285714; font-size: 1rem;\">E-<\/span><wbr style=\"line-height: 1.714285714; font-size: 1rem;\" \/><span style=\"line-height: 1.714285714; font-size: 1rem;\">Mail: webmaster@koelsch-<\/span><wbr style=\"line-height: 1.714285714; font-size: 1rem;\" \/><span style=\"line-height: 1.714285714; font-size: 1rem;\">ist-<\/span><wbr style=\"line-height: 1.714285714; font-size: 1rem;\" \/><span style=\"line-height: 1.714285714; font-size: 1rem;\">kein-<\/span><wbr style=\"line-height: 1.714285714; font-size: 1rem;\" \/><span style=\"line-height: 1.714285714; font-size: 1rem;\">bier.de\u00a0<\/span><\/p>\n<p><span style=\"line-height: 1.714285714; font-size: 1rem;\">S\u00e4mtliche Inhalte, insbesondere die Bilder, dieser Homepage stehen unter der folgenden Creative Commons Lizenz:<\/span><\/p>\n<p><a href=\"http:\/\/creativecommons.org\/licenses\/by-nc-sa\/3.0\/deed.de\" rel=\"license\"><img decoding=\"async\" style=\"border-width: 0;\" src=\"http:\/\/i.creativecommons.org\/l\/by-nc-sa\/3.0\/88x31.png\" alt=\"Creative Commons Lizenzvertrag\" \/><\/a><br \/>\nDieses Werk bzw. Inhalt von <a href=\"https:\/\/blog.koelsch-ist-kein-bier.de\" rel=\"cc:attributionURL\">Torsten Siry<\/a> ist lizenziert unter einer <a href=\"http:\/\/creativecommons.org\/licenses\/by-nc-sa\/3.0\/deed.de\" rel=\"license\">Creative Commons Namensnennung &#8211; Nicht-kommerziell &#8211; Weitergabe unter gleichen Bedingungen 3.0 Unported Lizenz<\/a>.<\/p>\n","protected":false},"excerpt":{"rendered":"<p>&#8230;gibt&#8217;s nicht viel zu schreiben D\u00fcsseldorf, Duisburg, K\u00f6ln, Eishockey, Fu\u00dfball, Sport, Musik, Konzerte, Alt, Bier, Bilder, Museen, &#8230;&#8230;. um all sowas dreht es sich hier. Falls jemand mit mir in Kontakt treten m\u00f6chte: Bitte per Mail &#8211; siehe unten &#8211;\u00a0oder bei\u00a0Facebook (nein!) und Google+ (haha, das war einmal) Hier noch ein par offizielle Dinge: Da [&hellip;]<\/p>\n","protected":false},"author":1,"featured_media":0,"parent":0,"menu_order":0,"comment_status":"open","ping_status":"open","template":"","meta":{"advanced_seo_description":"","jetpack_seo_html_title":"","jetpack_seo_noindex":false,"footnotes":""},"class_list":["post-329","page","type-page","status-publish","hentry"],"_links":{"self":[{"href":"https:\/\/blog.koelsch-ist-kein-bier.de\/index.php?rest_route=\/wp\/v2\/pages\/329","targetHints":{"allow":["GET"]}}],"collection":[{"href":"https:\/\/blog.koelsch-ist-kein-bier.de\/index.php?rest_route=\/wp\/v2\/pages"}],"about":[{"href":"https:\/\/blog.koelsch-ist-kein-bier.de\/index.php?rest_route=\/wp\/v2\/types\/page"}],"author":[{"embeddable":true,"href":"https:\/\/blog.koelsch-ist-kein-bier.de\/index.php?rest_route=\/wp\/v2\/users\/1"}],"replies":[{"embeddable":true,"href":"https:\/\/blog.koelsch-ist-kein-bier.de\/index.php?rest_route=%2Fwp%2Fv2%2Fcomments&post=329"}],"version-history":[{"count":10,"href":"https:\/\/blog.koelsch-ist-kein-bier.de\/index.php?rest_route=\/wp\/v2\/pages\/329\/revisions"}],"predecessor-version":[{"id":428,"href":"https:\/\/blog.koelsch-ist-kein-bier.de\/index.php?rest_route=\/wp\/v2\/pages\/329\/revisions\/428"}],"wp:attachment":[{"href":"https:\/\/blog.koelsch-ist-kein-bier.de\/index.php?rest_route=%2Fwp%2Fv2%2Fmedia&parent=329"}],"curies":[{"name":"wp","href":"https:\/\/api.w.org\/{rel}","templated":true}]}}